{"id":1703,"date":"2026-03-24T16:27:18","date_gmt":"2026-03-24T16:27:18","guid":{"rendered":"https:\/\/heliosbotanicals.com\/?post_type=product&#038;p=1703"},"modified":"2026-04-16T01:10:10","modified_gmt":"2026-04-16T01:10:10","slug":"the-bundle-gp-subscribe-save","status":"publish","type":"product","link":"https:\/\/heliosbotanicals.com\/es\/producto\/the-bundle-gp-subscribe-save\/","title":{"rendered":"The Bundle &#8211; GP (Subscribe &#038; Save!)"},"content":{"rendered":"<div id=\"output\" class=\"page-generator__output js-generator-output\">\n<div>\n<div>El caf\u00e9 proviene de una extensa familia, y la Mitragyna Speciosa es un pariente cercano. Tradicionalmente consumida como t\u00e9 durante siglos por agricultores del sudeste asi\u00e1tico, la Mitragyna Speciosa tiene una larga historia de uso entre los nativos para aumentar la resistencia, suprimir el apetito, ser relajante, energizante y analg\u00e9sico, entre otras cosas.<\/div>\n<div><\/div>\n<\/div>\n<div>Ingredientes: Hoja de kratom en polvo 100 % org\u00e1nica<\/div>\n<div><\/div>\n<div><strong>Instrucciones de uso:<\/strong> Mezcle media cucharadita (aproximadamente un gramo) con una bebida sin gas ni c\u00edtricos de su elecci\u00f3n. (Los c\u00edtricos pueden actuar como potenciadores, aumentando la dosis). Si despu\u00e9s de treinta minutos no nota ning\u00fan efecto, a\u00f1ada otra media cucharadita o gramo hasta alcanzar el efecto deseado.<\/div>\n<div><\/div>\n<div><strong>Descargo de responsabilidad<\/strong> : Este producto es para adultos sanos mayores de 21 a\u00f1os. No est\u00e1 destinado a tratar, diagnosticar ni prevenir ninguna enfermedad o afecci\u00f3n m\u00e9dica. No apto para mujeres embarazadas ni que puedan quedar embarazadas. No debe usarse en combinaci\u00f3n con alcohol, benzodiazepinas, opi\u00e1ceos, opioides ni inhibidores de la MAO.<\/div>\n<div><\/div>\n<div><\/div>\n<\/div>","protected":false},"excerpt":{"rendered":"<div>Green Go: La mezcla \"Mejor que el caf\u00e9\". Toda la energ\u00eda que necesitas, de mayor duraci\u00f3n, sin nerviosismo ni necesidad de cafe\u00edna. Excelente opci\u00f3n para el gimnasio, para obtener energ\u00eda y resistencia en general, mejorar la concentraci\u00f3n y potenciar el estado de \u00e1nimo de forma natural. (Tambi\u00e9n puede ayudar con afecciones como la depresi\u00f3n, la ansiedad y la fatiga general).<\/div>\n<div><\/div>\n<div>Purple Plus- Disfruta de todo el placer del alcohol sin la resaca. Ayuda a mejorar la concentraci\u00f3n y es un ant\u00eddoto contra la ansiedad. Sustituto del alcohol.<\/div>","protected":false},"featured_media":1702,"comment_status":"open","ping_status":"closed","template":"","meta":[],"product_brand":[],"product_cat":[19,20,24,28,23],"product_tag":[],"class_list":{"0":"post-1703","1":"product","2":"type-product","3":"status-publish","4":"has-post-thumbnail","6":"product_cat-anxiety","7":"product_cat-depression","8":"product_cat-lack-of-energy","9":"product_cat-pain","10":"product_cat-sleep-difficulty","12":"first","13":"instock","14":"shipping-taxable","15":"purchasable","16":"product-type-fsb-variable-subscription"},"_links":{"self":[{"href":"https:\/\/heliosbotanicals.com\/es\/wp-json\/wp\/v2\/product\/1703","targetHints":{"allow":["GET"]}}],"collection":[{"href":"https:\/\/heliosbotanicals.com\/es\/wp-json\/wp\/v2\/product"}],"about":[{"href":"https:\/\/heliosbotanicals.com\/es\/wp-json\/wp\/v2\/types\/product"}],"replies":[{"embeddable":true,"href":"https:\/\/heliosbotanicals.com\/es\/wp-json\/wp\/v2\/comments?post=1703"}],"wp:featuredmedia":[{"embeddable":true,"href":"https:\/\/heliosbotanicals.com\/es\/wp-json\/wp\/v2\/media\/1702"}],"wp:attachment":[{"href":"https:\/\/heliosbotanicals.com\/es\/wp-json\/wp\/v2\/media?parent=1703"}],"wp:term":[{"taxonomy":"product_brand","embeddable":true,"href":"https:\/\/heliosbotanicals.com\/es\/wp-json\/wp\/v2\/product_brand?post=1703"},{"taxonomy":"product_cat","embeddable":true,"href":"https:\/\/heliosbotanicals.com\/es\/wp-json\/wp\/v2\/product_cat?post=1703"},{"taxonomy":"product_tag","embeddable":true,"href":"https:\/\/heliosbotanicals.com\/es\/wp-json\/wp\/v2\/product_tag?post=1703"}],"curies":[{"name":"wp","href":"https:\/\/api.w.org\/{rel}","templated":true}]}}