{"id":1546,"date":"2026-02-14T23:13:17","date_gmt":"2026-02-14T23:13:17","guid":{"rendered":"https:\/\/heliosbotanicals.com\/?post_type=product&#038;p=1546"},"modified":"2026-04-16T01:08:33","modified_gmt":"2026-04-16T01:08:33","slug":"blue-bliss-subscribe-save","status":"publish","type":"product","link":"https:\/\/heliosbotanicals.com\/es\/producto\/blue-bliss-subscribe-save\/","title":{"rendered":"Blue Bliss (\u00a1Suscr\u00edbete y Ahorra!)"},"content":{"rendered":"<div id=\"output\" class=\"page-generator__output js-generator-output\">\n<p>El caf\u00e9 proviene de una extensa familia, y la Mitragyna Speciosa es un pariente cercano. Tradicionalmente consumida como t\u00e9 durante siglos por agricultores del sudeste asi\u00e1tico, la Mitragyna Speciosa tiene una larga historia de uso entre los nativos para aumentar la resistencia, suprimir el apetito, ser relajante, energizante y analg\u00e9sico, entre otras cosas.<\/p>\n<p>Ingredientes: Hoja de kratom en polvo 100 % org\u00e1nica<\/p>\n<p><strong>Instrucciones de uso:<\/strong> Mezcle media cucharadita (aproximadamente un gramo) con una bebida sin gas ni c\u00edtricos de su elecci\u00f3n. (Los c\u00edtricos pueden actuar como potenciadores, aumentando la dosis). Si despu\u00e9s de treinta minutos no nota ning\u00fan efecto, a\u00f1ada otra media cucharadita o gramo hasta alcanzar el efecto deseado.<\/p>\n<p><strong>Descargo de responsabilidad<\/strong>: Este producto es para adultos sanos mayores de 21 a\u00f1os. No est\u00e1 destinado a tratar, diagnosticar ni prevenir ninguna enfermedad o afecci\u00f3n m\u00e9dica. No apto para mujeres embarazadas ni que puedan quedar embarazadas. No debe usarse en combinaci\u00f3n con alcohol, benzodiazepinas, opi\u00e1ceos, opioides ni inhibidores de la MAO.<\/p>\n<p>&nbsp;<\/p>\n<p>&nbsp;<\/p>\n<\/div>","protected":false},"excerpt":{"rendered":"<p>The &#8220;Rest and Re-leaf&#8221; elixir. A product that can help you slow down and unwind after a long day. (May aid in pain relief, increased sleep, relaxation, mood enhancement, and overall discomfort and stress. Alcohol substitute)<\/p>","protected":false},"featured_media":1471,"comment_status":"open","ping_status":"closed","template":"","meta":[],"product_brand":[],"product_cat":[28,23],"product_tag":[],"class_list":{"0":"post-1546","1":"product","2":"type-product","3":"status-publish","4":"has-post-thumbnail","6":"product_cat-pain","7":"product_cat-sleep-difficulty","9":"first","10":"instock","11":"shipping-taxable","12":"purchasable","13":"product-type-fsb-variable-subscription"},"_links":{"self":[{"href":"https:\/\/heliosbotanicals.com\/es\/wp-json\/wp\/v2\/product\/1546","targetHints":{"allow":["GET"]}}],"collection":[{"href":"https:\/\/heliosbotanicals.com\/es\/wp-json\/wp\/v2\/product"}],"about":[{"href":"https:\/\/heliosbotanicals.com\/es\/wp-json\/wp\/v2\/types\/product"}],"replies":[{"embeddable":true,"href":"https:\/\/heliosbotanicals.com\/es\/wp-json\/wp\/v2\/comments?post=1546"}],"wp:featuredmedia":[{"embeddable":true,"href":"https:\/\/heliosbotanicals.com\/es\/wp-json\/wp\/v2\/media\/1471"}],"wp:attachment":[{"href":"https:\/\/heliosbotanicals.com\/es\/wp-json\/wp\/v2\/media?parent=1546"}],"wp:term":[{"taxonomy":"product_brand","embeddable":true,"href":"https:\/\/heliosbotanicals.com\/es\/wp-json\/wp\/v2\/product_brand?post=1546"},{"taxonomy":"product_cat","embeddable":true,"href":"https:\/\/heliosbotanicals.com\/es\/wp-json\/wp\/v2\/product_cat?post=1546"},{"taxonomy":"product_tag","embeddable":true,"href":"https:\/\/heliosbotanicals.com\/es\/wp-json\/wp\/v2\/product_tag?post=1546"}],"curies":[{"name":"wp","href":"https:\/\/api.w.org\/{rel}","templated":true}]}}